{"id":1494,"date":"2021-06-01T16:14:01","date_gmt":"2021-06-01T14:14:01","guid":{"rendered":"https:\/\/v2.definternationaloperations.com\/applications-2\/"},"modified":"2021-06-03T10:58:04","modified_gmt":"2021-06-03T08:58:04","slug":"applications","status":"publish","type":"page","link":"https:\/\/www.definternationaloperations.com\/en\/applications\/","title":{"rendered":"Applications"},"content":{"rendered":"","protected":false},"excerpt":{"rendered":"","protected":false},"author":1,"featured_media":0,"parent":0,"menu_order":0,"comment_status":"closed","ping_status":"closed","template":"","meta":{"footnotes":""},"class_list":["post-1494","page","type-page","status-publish","hentry"],"yoast_head":"<!-- This site is optimized with the Yoast SEO plugin v25.4 - https:\/\/yoast.com\/wordpress\/plugins\/seo\/ -->\n<title>Find all applications and references related to fire safety.<\/title>\n<meta name=\"description\" content=\"DEF DOI installs fire safety systems all over the world and protects people and property in companies.\" \/>\n<meta name=\"robots\" content=\"index, follow, max-snippet:-1, max-image-preview:large, max-video-preview:-1\" \/>\n<link rel=\"canonical\" href=\"https:\/\/www.definternationaloperations.com\/en\/applications\/\" \/>\n<meta property=\"og:locale\" content=\"en_US\" \/>\n<meta property=\"og:type\" content=\"article\" \/>\n<meta property=\"og:title\" content=\"Find all applications and references related to fire safety.\" \/>\n<meta property=\"og:description\" content=\"DEF DOI installs fire safety systems all over the world and protects people and property in companies.\" \/>\n<meta property=\"og:url\" content=\"https:\/\/www.definternationaloperations.com\/en\/applications\/\" \/>\n<meta property=\"og:site_name\" content=\"DEF Op\u00e9rations Internationales\" \/>\n<meta property=\"article:modified_time\" content=\"2021-06-03T08:58:04+00:00\" \/>\n<meta name=\"twitter:card\" content=\"summary_large_image\" \/>\n<script type=\"application\/ld+json\" class=\"yoast-schema-graph\">{\"@context\":\"https:\/\/schema.org\",\"@graph\":[{\"@type\":\"WebPage\",\"@id\":\"https:\/\/www.definternationaloperations.com\/en\/applications\/\",\"url\":\"https:\/\/www.definternationaloperations.com\/en\/applications\/\",\"name\":\"Find all applications and references related to fire safety.\",\"isPartOf\":{\"@id\":\"https:\/\/www.definternationaloperations.com\/#website\"},\"datePublished\":\"2021-06-01T14:14:01+00:00\",\"dateModified\":\"2021-06-03T08:58:04+00:00\",\"description\":\"DEF DOI installs fire safety systems all over the world and protects people and property in companies.\",\"inLanguage\":\"en-US\",\"potentialAction\":[{\"@type\":\"ReadAction\",\"target\":[\"https:\/\/www.definternationaloperations.com\/en\/applications\/\"]}]},{\"@type\":\"WebSite\",\"@id\":\"https:\/\/www.definternationaloperations.com\/#website\",\"url\":\"https:\/\/www.definternationaloperations.com\/\",\"name\":\"DEF Op\u00e9rations Internationales\",\"description\":\"Solutions et services de syst\u00e8mes de s\u00e9curit\u00e9 incendie.\",\"potentialAction\":[{\"@type\":\"SearchAction\",\"target\":{\"@type\":\"EntryPoint\",\"urlTemplate\":\"https:\/\/www.definternationaloperations.com\/?s={search_term_string}\"},\"query-input\":{\"@type\":\"PropertyValueSpecification\",\"valueRequired\":true,\"valueName\":\"search_term_string\"}}],\"inLanguage\":\"en-US\"}]}<\/script>\n<!-- \/ Yoast SEO plugin. -->","yoast_head_json":{"title":"Find all applications and references related to fire safety.","description":"DEF DOI installs fire safety systems all over the world and protects people and property in companies.","robots":{"index":"index","follow":"follow","max-snippet":"max-snippet:-1","max-image-preview":"max-image-preview:large","max-video-preview":"max-video-preview:-1"},"canonical":"https:\/\/www.definternationaloperations.com\/en\/applications\/","og_locale":"en_US","og_type":"article","og_title":"Find all applications and references related to fire safety.","og_description":"DEF DOI installs fire safety systems all over the world and protects people and property in companies.","og_url":"https:\/\/www.definternationaloperations.com\/en\/applications\/","og_site_name":"DEF Op\u00e9rations Internationales","article_modified_time":"2021-06-03T08:58:04+00:00","twitter_card":"summary_large_image","schema":{"@context":"https:\/\/schema.org","@graph":[{"@type":"WebPage","@id":"https:\/\/www.definternationaloperations.com\/en\/applications\/","url":"https:\/\/www.definternationaloperations.com\/en\/applications\/","name":"Find all applications and references related to fire safety.","isPartOf":{"@id":"https:\/\/www.definternationaloperations.com\/#website"},"datePublished":"2021-06-01T14:14:01+00:00","dateModified":"2021-06-03T08:58:04+00:00","description":"DEF DOI installs fire safety systems all over the world and protects people and property in companies.","inLanguage":"en-US","potentialAction":[{"@type":"ReadAction","target":["https:\/\/www.definternationaloperations.com\/en\/applications\/"]}]},{"@type":"WebSite","@id":"https:\/\/www.definternationaloperations.com\/#website","url":"https:\/\/www.definternationaloperations.com\/","name":"DEF Op\u00e9rations Internationales","description":"Solutions et services de syst\u00e8mes de s\u00e9curit\u00e9 incendie.","potentialAction":[{"@type":"SearchAction","target":{"@type":"EntryPoint","urlTemplate":"https:\/\/www.definternationaloperations.com\/?s={search_term_string}"},"query-input":{"@type":"PropertyValueSpecification","valueRequired":true,"valueName":"search_term_string"}}],"inLanguage":"en-US"}]}},"_links":{"self":[{"href":"https:\/\/www.definternationaloperations.com\/en\/wp-json\/wp\/v2\/pages\/1494","targetHints":{"allow":["GET"]}}],"collection":[{"href":"https:\/\/www.definternationaloperations.com\/en\/wp-json\/wp\/v2\/pages"}],"about":[{"href":"https:\/\/www.definternationaloperations.com\/en\/wp-json\/wp\/v2\/types\/page"}],"author":[{"embeddable":true,"href":"https:\/\/www.definternationaloperations.com\/en\/wp-json\/wp\/v2\/users\/1"}],"replies":[{"embeddable":true,"href":"https:\/\/www.definternationaloperations.com\/en\/wp-json\/wp\/v2\/comments?post=1494"}],"version-history":[{"count":2,"href":"https:\/\/www.definternationaloperations.com\/en\/wp-json\/wp\/v2\/pages\/1494\/revisions"}],"predecessor-version":[{"id":2953,"href":"https:\/\/www.definternationaloperations.com\/en\/wp-json\/wp\/v2\/pages\/1494\/revisions\/2953"}],"wp:attachment":[{"href":"https:\/\/www.definternationaloperations.com\/en\/wp-json\/wp\/v2\/media?parent=1494"}],"curies":[{"name":"wp","href":"https:\/\/api.w.org\/{rel}","templated":true}]}}