{"id":1447,"date":"2021-06-01T15:46:53","date_gmt":"2021-06-01T13:46:53","guid":{"rendered":"https:\/\/v2.definternationaloperations.com\/?page_id=1447"},"modified":"2026-03-11T12:34:54","modified_gmt":"2026-03-11T11:34:54","slug":"news","status":"publish","type":"page","link":"https:\/\/www.definternationaloperations.com\/en\/news\/","title":{"rendered":"News"},"content":{"rendered":"<p>Happy New Year 2026!<\/p>\n<p>The entire DEF \u2013 International Operations Division (DOI) team extends its warmest wishes for the year 2026.<\/p>\n<p>May this new year be marked by success, safety, and sustainable performance, for both your projects and your teams.<\/p>\n<p>In 2026, the DOI will continue with determination its commitment alongside its clients and partners, in France (including overseas territories \u2013 DROM-COM) and internationally, to design, deploy, and maintain fire safety and site protection solutions that are increasingly reliable, innovative, and adapted to complex environments.<\/p>\n<p>We thank you for the trust you place in us and look forward to continuing to build the projects of tomorrow together.<\/p>\n","protected":false},"excerpt":{"rendered":"<p>Happy New Year 2026! The entire DEF \u2013 International Operations Division (DOI) team extends its warmest wishes for the year 2026. May this new year be marked by success, safety, and sustainable performance, for both your projects and your teams. In 2026, the DOI will continue with determination its commitment alongside its clients and partners, [&hellip;]<\/p>\n","protected":false},"author":1,"featured_media":0,"parent":0,"menu_order":0,"comment_status":"closed","ping_status":"closed","template":"","meta":{"footnotes":""},"class_list":["post-1447","page","type-page","status-publish","hentry"],"yoast_head":"<!-- This site is optimized with the Yoast SEO plugin v25.4 - https:\/\/yoast.com\/wordpress\/plugins\/seo\/ -->\n<title>DEF DOI&#039;s news on fire protection and safety.<\/title>\n<meta name=\"description\" content=\"All the news from DEF DOI on fire protection and safety. Find all the events and news from DOI.\" \/>\n<meta name=\"robots\" content=\"noindex, follow\" \/>\n<meta property=\"og:locale\" content=\"en_US\" \/>\n<meta property=\"og:type\" content=\"article\" \/>\n<meta property=\"og:title\" content=\"DEF DOI&#039;s news on fire protection and safety.\" \/>\n<meta property=\"og:description\" content=\"All the news from DEF DOI on fire protection and safety. Find all the events and news from DOI.\" \/>\n<meta property=\"og:url\" content=\"https:\/\/www.definternationaloperations.com\/en\/news\/\" \/>\n<meta property=\"og:site_name\" content=\"DEF Op\u00e9rations Internationales\" \/>\n<meta property=\"article:modified_time\" content=\"2026-03-11T11:34:54+00:00\" \/>\n<meta name=\"twitter:card\" content=\"summary_large_image\" \/>\n<script type=\"application\/ld+json\" class=\"yoast-schema-graph\">{\"@context\":\"https:\/\/schema.org\",\"@graph\":[{\"@type\":\"WebPage\",\"@id\":\"https:\/\/www.definternationaloperations.com\/en\/news\/\",\"url\":\"https:\/\/www.definternationaloperations.com\/en\/news\/\",\"name\":\"DEF DOI's news on fire protection and safety.\",\"isPartOf\":{\"@id\":\"https:\/\/www.definternationaloperations.com\/#website\"},\"datePublished\":\"2021-06-01T13:46:53+00:00\",\"dateModified\":\"2026-03-11T11:34:54+00:00\",\"description\":\"All the news from DEF DOI on fire protection and safety. Find all the events and news from DOI.\",\"inLanguage\":\"en-US\",\"potentialAction\":[{\"@type\":\"ReadAction\",\"target\":[\"https:\/\/www.definternationaloperations.com\/en\/news\/\"]}]},{\"@type\":\"WebSite\",\"@id\":\"https:\/\/www.definternationaloperations.com\/#website\",\"url\":\"https:\/\/www.definternationaloperations.com\/\",\"name\":\"DEF Op\u00e9rations Internationales\",\"description\":\"Solutions et services de syst\u00e8mes de s\u00e9curit\u00e9 incendie.\",\"potentialAction\":[{\"@type\":\"SearchAction\",\"target\":{\"@type\":\"EntryPoint\",\"urlTemplate\":\"https:\/\/www.definternationaloperations.com\/?s={search_term_string}\"},\"query-input\":{\"@type\":\"PropertyValueSpecification\",\"valueRequired\":true,\"valueName\":\"search_term_string\"}}],\"inLanguage\":\"en-US\"}]}<\/script>\n<!-- \/ Yoast SEO plugin. -->","yoast_head_json":{"title":"DEF DOI's news on fire protection and safety.","description":"All the news from DEF DOI on fire protection and safety. Find all the events and news from DOI.","robots":{"index":"noindex","follow":"follow"},"og_locale":"en_US","og_type":"article","og_title":"DEF DOI's news on fire protection and safety.","og_description":"All the news from DEF DOI on fire protection and safety. Find all the events and news from DOI.","og_url":"https:\/\/www.definternationaloperations.com\/en\/news\/","og_site_name":"DEF Op\u00e9rations Internationales","article_modified_time":"2026-03-11T11:34:54+00:00","twitter_card":"summary_large_image","schema":{"@context":"https:\/\/schema.org","@graph":[{"@type":"WebPage","@id":"https:\/\/www.definternationaloperations.com\/en\/news\/","url":"https:\/\/www.definternationaloperations.com\/en\/news\/","name":"DEF DOI's news on fire protection and safety.","isPartOf":{"@id":"https:\/\/www.definternationaloperations.com\/#website"},"datePublished":"2021-06-01T13:46:53+00:00","dateModified":"2026-03-11T11:34:54+00:00","description":"All the news from DEF DOI on fire protection and safety. Find all the events and news from DOI.","inLanguage":"en-US","potentialAction":[{"@type":"ReadAction","target":["https:\/\/www.definternationaloperations.com\/en\/news\/"]}]},{"@type":"WebSite","@id":"https:\/\/www.definternationaloperations.com\/#website","url":"https:\/\/www.definternationaloperations.com\/","name":"DEF Op\u00e9rations Internationales","description":"Solutions et services de syst\u00e8mes de s\u00e9curit\u00e9 incendie.","potentialAction":[{"@type":"SearchAction","target":{"@type":"EntryPoint","urlTemplate":"https:\/\/www.definternationaloperations.com\/?s={search_term_string}"},"query-input":{"@type":"PropertyValueSpecification","valueRequired":true,"valueName":"search_term_string"}}],"inLanguage":"en-US"}]}},"_links":{"self":[{"href":"https:\/\/www.definternationaloperations.com\/en\/wp-json\/wp\/v2\/pages\/1447","targetHints":{"allow":["GET"]}}],"collection":[{"href":"https:\/\/www.definternationaloperations.com\/en\/wp-json\/wp\/v2\/pages"}],"about":[{"href":"https:\/\/www.definternationaloperations.com\/en\/wp-json\/wp\/v2\/types\/page"}],"author":[{"embeddable":true,"href":"https:\/\/www.definternationaloperations.com\/en\/wp-json\/wp\/v2\/users\/1"}],"replies":[{"embeddable":true,"href":"https:\/\/www.definternationaloperations.com\/en\/wp-json\/wp\/v2\/comments?post=1447"}],"version-history":[{"count":5,"href":"https:\/\/www.definternationaloperations.com\/en\/wp-json\/wp\/v2\/pages\/1447\/revisions"}],"predecessor-version":[{"id":3031,"href":"https:\/\/www.definternationaloperations.com\/en\/wp-json\/wp\/v2\/pages\/1447\/revisions\/3031"}],"wp:attachment":[{"href":"https:\/\/www.definternationaloperations.com\/en\/wp-json\/wp\/v2\/media?parent=1447"}],"curies":[{"name":"wp","href":"https:\/\/api.w.org\/{rel}","templated":true}]}}