{"id":1356,"date":"2021-06-01T14:21:01","date_gmt":"2021-06-01T12:21:01","guid":{"rendered":"https:\/\/v2.definternationaloperations.com\/career\/"},"modified":"2026-03-11T12:28:04","modified_gmt":"2026-03-11T11:28:04","slug":"career","status":"publish","type":"page","link":"https:\/\/www.definternationaloperations.com\/en\/career\/","title":{"rendered":"Careers"},"content":{"rendered":"<section  class='av_textblock_section av-m5l6sbdb-48e0d7828ab641bc6154f455d668c6f1'  itemscope=\"itemscope\" itemtype=\"https:\/\/schema.org\/CreativeWork\" ><div class='avia_textblock'  itemprop=\"text\" ><div class=\"flex flex-col text-sm pb-25\">\n<article class=\"text-token-text-primary w-full focus:outline-none &#091;--shadow-height:45px&#093; has-data-writing-block:pointer-events-none has-data-writing-block:-mt-(--shadow-height) has-data-writing-block:pt-(--shadow-height) &#091;&amp;:has(&#091;data-writing-block&#093;)&gt;*&#093;:pointer-events-auto scroll-mt-&#091;calc(var(--header-height)+min(200px,max(70px,20svh)))&#093;\" dir=\"auto\" tabindex=\"-1\" data-turn-id=\"request-WEB:2dc14733-cf38-4b15-af0c-0a74361f98e3-2\" data-testid=\"conversation-turn-6\" data-scroll-anchor=\"true\" data-turn=\"assistant\">\n<div class=\"text-base my-auto mx-auto pb-10 &#091;--thread-content-margin:var(--thread-content-margin-xs,calc(var(--spacing)*4))&#093; @w-sm\/main:&#091;--thread-content-margin:var(--thread-content-margin-sm,calc(var(--spacing)*6))&#093; @w-lg\/main:&#091;--thread-content-margin:var(--thread-content-margin-lg,calc(var(--spacing)*16))&#093; px-(--thread-content-margin)\">\n<div class=\"&#091;--thread-content-max-width:40rem&#093; @w-lg\/main:&#091;--thread-content-max-width:48rem&#093; mx-auto max-w-(--thread-content-max-width) flex-1 group\/turn-messages focus-visible:outline-hidden relative flex w-full min-w-0 flex-col agent-turn\" tabindex=\"-1\">\n<div class=\"flex max-w-full flex-col gap-4 grow\">\n<div class=\"min-h-8 text-message relative flex w-full flex-col items-end gap-2 text-start break-words whitespace-normal &#091;.text-message+&amp;&#093;:mt-1\" dir=\"auto\" data-message-author-role=\"assistant\" data-message-id=\"730f4d15-18e6-43c0-b14d-cd2574a95833\" data-message-model-slug=\"gpt-5-3\">\n<div class=\"flex w-full flex-col gap-1 empty:hidden\">\n<div class=\"markdown prose dark:prose-invert w-full wrap-break-word light markdown-new-styling\">\n<p data-start=\"100\" data-end=\"432\"><strong data-start=\"100\" data-end=\"114\">R\u00e9seau DEF<\/strong> is the <strong data-start=\"122\" data-end=\"198\">leading independent European industrial group specialized in fire safety<\/strong>, bringing together more than <strong data-start=\"228\" data-end=\"286\">60 companies, 13 industrial sites, and 3,000 employees<\/strong>, with a presence in <strong data-start=\"307\" data-end=\"323\">15 countries<\/strong>.<br data-start=\"324\" data-end=\"327\" \/>For over <strong data-start=\"336\" data-end=\"348\">60 years<\/strong>, R\u00e9seau DEF has been committed every day to <strong data-start=\"393\" data-end=\"431\">saving lives and protecting assets<\/strong>.<\/p>\n<p data-start=\"434\" data-end=\"608\">As part of R\u00e9seau DEF, <strong data-start=\"457\" data-end=\"464\">DEF<\/strong>, with <strong data-start=\"471\" data-end=\"500\">1,200 employees in France<\/strong>, is a key player in the <strong data-start=\"525\" data-end=\"607\">design, manufacturing, installation, and maintenance of fire detection systems<\/strong>.<\/p>\n<p data-start=\"610\" data-end=\"908\">The <strong data-start=\"614\" data-end=\"661\">International Operations Division (DEF DOI)<\/strong> carries and deploys the expertise of the R\u00e9seau DEF worldwide. It designs and implements <strong data-start=\"751\" data-end=\"803\">tailor-made fire safety and protection solutions<\/strong>, compliant with the most demanding international standards, for <strong data-start=\"868\" data-end=\"896\">high-stakes environments<\/strong>, including industry, energy, oil &amp; gas, critical infrastructures, sensitive tertiary environments, airports, stadiums, government complexes, shopping centers, museums.<\/p>\n<p data-start=\"1098\" data-end=\"1360\">Leveraging the strength of its network, the expertise of its teams, and a strong culture of <strong data-start=\"1190\" data-end=\"1216\">operational excellence<\/strong>, DEF DOI supports its clients <strong data-start=\"1247\" data-end=\"1300\">throughout the entire lifecycle of their projects<\/strong>, with a responsible and environmentally conscious approach.<\/p>\n<p data-start=\"1362\" data-end=\"1487\"><strong data-start=\"1362\" data-end=\"1487\">Looking to contribute to high-impact international projects and join a committed, innovative, and people-focused network?<\/strong><\/p>\n<p data-start=\"1489\" data-end=\"1506\" data-is-last-node=\"\" data-is-only-node=\"\"><strong data-start=\"1489\" data-end=\"1506\" data-is-last-node=\"\">Join DEF DOI. <\/strong>Come and discover our position diversity !<\/p>\n<\/div>\n<\/div>\n<\/div>\n<\/div>\n<\/div>\n<\/div>\n<\/article>\n<\/div>\n<p style=\"text-align: left;\"><div  class='avia-button-wrap av-1ly9u-d75bf9d9750dae6e287ab4f3ea538a16-wrap avia-button-left  avia-builder-el-1  avia-builder-el-no-sibling '>\n<style type=\"text\/css\" data-created_by=\"avia_inline_auto\" id=\"style-css-av-1ly9u-d75bf9d9750dae6e287ab4f3ea538a16\">\n#top #wrap_all .avia-button.av-1ly9u-d75bf9d9750dae6e287ab4f3ea538a16{\nfont-size:16px;\n-webkit-transition:all 0.4s ease-in-out;\n-moz-transition:all 0.4s ease-in-out;\n-ms-transition:all 0.4s ease-in-out;\n-o-transition:all 0.4s ease-in-out;\ntransition:all 0.4s ease-in-out;\n}\n<\/style>\n<a href='https:\/\/erecruiting.reseau-def.com\/en'  class='avia-button av-1ly9u-d75bf9d9750dae6e287ab4f3ea538a16 avia-icon_select-no avia-size-medium avia-position-left avia-color-theme-color'  ><span class='avia_iconbox_title' >I apply<\/span><\/a><\/div><\/p>\n<\/div><\/section>\n\n<style type=\"text\/css\" data-created_by=\"avia_inline_auto\" id=\"style-css-av-m5nrbypb-ecbd4c4027456ab35a0e088637492b1e\">\n#top .hr.hr-invisible.av-m5nrbypb-ecbd4c4027456ab35a0e088637492b1e{\nheight:50px;\n}\n<\/style>\n<div  class='hr av-m5nrbypb-ecbd4c4027456ab35a0e088637492b1e hr-invisible  avia-builder-el-2  el_after_av_textblock  el_before_av_textblock '><span class='hr-inner '><span class=\"hr-inner-style\"><\/span><\/span><\/div>\n\n<style type=\"text\/css\" data-created_by=\"avia_inline_auto\" id=\"style-css-av-m5l6whep-5ac9f193ee066664a0b0d3e693d3be4f\">\n#top .av_textblock_section.av-m5l6whep-5ac9f193ee066664a0b0d3e693d3be4f .avia_textblock{\nfont-size:18px;\ncolor:#000000;\n}\n<\/style>\n<section  class='av_textblock_section av-m5l6whep-5ac9f193ee066664a0b0d3e693d3be4f'  itemscope=\"itemscope\" itemtype=\"https:\/\/schema.org\/CreativeWork\" ><div class='avia_textblock av_inherit_color'  itemprop=\"text\" ><h3><strong>Our Values<\/strong><\/h3>\n<\/div><\/section>\n\n<style type=\"text\/css\" data-created_by=\"avia_inline_auto\" id=\"style-css-av-m5nrdg8t-e0a9e05f66d84777542ee47efc2d333a\">\n#top .hr.hr-invisible.av-m5nrdg8t-e0a9e05f66d84777542ee47efc2d333a{\nheight:5px;\n}\n<\/style>\n<div  class='hr av-m5nrdg8t-e0a9e05f66d84777542ee47efc2d333a hr-invisible  avia-builder-el-4  el_after_av_textblock  el_before_av_textblock '><span class='hr-inner '><span class=\"hr-inner-style\"><\/span><\/span><\/div>\n<section  class='av_textblock_section av-m5mlm2vx-245dcaa8591b9b5daab823eb99e36b83'  itemscope=\"itemscope\" itemtype=\"https:\/\/schema.org\/CreativeWork\" ><div class='avia_textblock'  itemprop=\"text\" ><p><img loading=\"lazy\" decoding=\"async\" class=\"alignnone wp-image-2848\" src=\"https:\/\/www.definternationaloperations.com\/wp-content\/uploads\/2025\/01\/Ensemble-des-images-GB-1.png\" alt=\"\" width=\"705\" height=\"459\" srcset=\"https:\/\/www.definternationaloperations.com\/wp-content\/uploads\/2025\/01\/Ensemble-des-images-GB-1.png 1033w, https:\/\/www.definternationaloperations.com\/wp-content\/uploads\/2025\/01\/Ensemble-des-images-GB-1-300x195.png 300w, https:\/\/www.definternationaloperations.com\/wp-content\/uploads\/2025\/01\/Ensemble-des-images-GB-1-1030x670.png 1030w, https:\/\/www.definternationaloperations.com\/wp-content\/uploads\/2025\/01\/Ensemble-des-images-GB-1-768x500.png 768w, https:\/\/www.definternationaloperations.com\/wp-content\/uploads\/2025\/01\/Ensemble-des-images-GB-1-705x459.png 705w\" sizes=\"auto, (max-width: 705px) 100vw, 705px\" \/><\/p>\n<\/div><\/section>\n\n<style type=\"text\/css\" data-created_by=\"avia_inline_auto\" id=\"style-css-av-m5nphgkd-60e79d3bac2bec4eb80188947979007e\">\n#top .av_textblock_section.av-m5nphgkd-60e79d3bac2bec4eb80188947979007e .avia_textblock{\ncolor:#000000;\n}\n<\/style>\n<section  class='av_textblock_section av-m5nphgkd-60e79d3bac2bec4eb80188947979007e'  itemscope=\"itemscope\" itemtype=\"https:\/\/schema.org\/CreativeWork\" ><div class='avia_textblock av_inherit_color'  itemprop=\"text\" ><h3>DEF Network is awarded &#8220;Family Business of the Year 2023&#8221;<\/h3>\n<p><a href=\"https:\/\/www.youtube.com\/watch?v=kNqYWnIM82A&#038;pp=ygUjcHJpeCBkZSBsJ2VudHJlcHJpc2UgZmFtaWxpYWxlIDIwMjM%3D\"><img loading=\"lazy\" decoding=\"async\" class=\"alignnone wp-image-2754 size-full\" title=\"Discover more\" src=\"https:\/\/www.definternationaloperations.com\/wp-content\/uploads\/2024\/09\/image-3-prix-national-EF-2023.png\" alt=\"\" width=\"100\" height=\"57\" \/><\/a><\/p>\n<\/div><\/section>\n","protected":false},"excerpt":{"rendered":"","protected":false},"author":1,"featured_media":0,"parent":0,"menu_order":0,"comment_status":"closed","ping_status":"closed","template":"","meta":{"footnotes":""},"class_list":["post-1356","page","type-page","status-publish","hentry"],"yoast_head":"<!-- This site is optimized with the Yoast SEO plugin v25.4 - https:\/\/yoast.com\/wordpress\/plugins\/seo\/ -->\n<title>Job offers in fire safety DOI leader in SSI<\/title>\n<meta name=\"description\" content=\"Discover the new job offers in the field of Fire Safety. DEF DOI is recruiting different profiles all over the world.\" \/>\n<meta name=\"robots\" content=\"index, follow, max-snippet:-1, max-image-preview:large, max-video-preview:-1\" \/>\n<link rel=\"canonical\" href=\"https:\/\/www.definternationaloperations.com\/en\/career\/\" \/>\n<meta property=\"og:locale\" content=\"en_US\" \/>\n<meta property=\"og:type\" content=\"article\" \/>\n<meta property=\"og:title\" content=\"Job offers in fire safety DOI leader in SSI\" \/>\n<meta property=\"og:description\" content=\"Discover the new job offers in the field of Fire Safety. DEF DOI is recruiting different profiles all over the world.\" \/>\n<meta property=\"og:url\" content=\"https:\/\/www.definternationaloperations.com\/en\/career\/\" \/>\n<meta property=\"og:site_name\" content=\"DEF Op\u00e9rations Internationales\" \/>\n<meta property=\"article:modified_time\" content=\"2026-03-11T11:28:04+00:00\" \/>\n<meta property=\"og:image\" content=\"https:\/\/www.definternationaloperations.com\/wp-content\/uploads\/2025\/01\/Ensemble-des-images-GB-1.png\" \/>\n\t<meta property=\"og:image:width\" content=\"1033\" \/>\n\t<meta property=\"og:image:height\" content=\"672\" \/>\n\t<meta property=\"og:image:type\" content=\"image\/png\" \/>\n<meta name=\"twitter:card\" content=\"summary_large_image\" \/>\n<meta name=\"twitter:label1\" content=\"Est. reading time\" \/>\n\t<meta name=\"twitter:data1\" content=\"2 minutes\" \/>\n<script type=\"application\/ld+json\" class=\"yoast-schema-graph\">{\"@context\":\"https:\/\/schema.org\",\"@graph\":[{\"@type\":\"WebPage\",\"@id\":\"https:\/\/www.definternationaloperations.com\/en\/career\/\",\"url\":\"https:\/\/www.definternationaloperations.com\/en\/career\/\",\"name\":\"Job offers in fire safety DOI leader in SSI\",\"isPartOf\":{\"@id\":\"https:\/\/www.definternationaloperations.com\/#website\"},\"primaryImageOfPage\":{\"@id\":\"https:\/\/www.definternationaloperations.com\/en\/career\/#primaryimage\"},\"image\":{\"@id\":\"https:\/\/www.definternationaloperations.com\/en\/career\/#primaryimage\"},\"thumbnailUrl\":\"https:\/\/www.definternationaloperations.com\/wp-content\/uploads\/2025\/01\/Ensemble-des-images-GB-1.png\",\"datePublished\":\"2021-06-01T12:21:01+00:00\",\"dateModified\":\"2026-03-11T11:28:04+00:00\",\"description\":\"Discover the new job offers in the field of Fire Safety. DEF DOI is recruiting different profiles all over the world.\",\"inLanguage\":\"en-US\",\"potentialAction\":[{\"@type\":\"ReadAction\",\"target\":[\"https:\/\/www.definternationaloperations.com\/en\/career\/\"]}]},{\"@type\":\"ImageObject\",\"inLanguage\":\"en-US\",\"@id\":\"https:\/\/www.definternationaloperations.com\/en\/career\/#primaryimage\",\"url\":\"https:\/\/www.definternationaloperations.com\/wp-content\/uploads\/2025\/01\/Ensemble-des-images-GB-1.png\",\"contentUrl\":\"https:\/\/www.definternationaloperations.com\/wp-content\/uploads\/2025\/01\/Ensemble-des-images-GB-1.png\"},{\"@type\":\"WebSite\",\"@id\":\"https:\/\/www.definternationaloperations.com\/#website\",\"url\":\"https:\/\/www.definternationaloperations.com\/\",\"name\":\"DEF Op\u00e9rations Internationales\",\"description\":\"Solutions et services de syst\u00e8mes de s\u00e9curit\u00e9 incendie.\",\"potentialAction\":[{\"@type\":\"SearchAction\",\"target\":{\"@type\":\"EntryPoint\",\"urlTemplate\":\"https:\/\/www.definternationaloperations.com\/?s={search_term_string}\"},\"query-input\":{\"@type\":\"PropertyValueSpecification\",\"valueRequired\":true,\"valueName\":\"search_term_string\"}}],\"inLanguage\":\"en-US\"}]}<\/script>\n<!-- \/ Yoast SEO plugin. -->","yoast_head_json":{"title":"Job offers in fire safety DOI leader in SSI","description":"Discover the new job offers in the field of Fire Safety. DEF DOI is recruiting different profiles all over the world.","robots":{"index":"index","follow":"follow","max-snippet":"max-snippet:-1","max-image-preview":"max-image-preview:large","max-video-preview":"max-video-preview:-1"},"canonical":"https:\/\/www.definternationaloperations.com\/en\/career\/","og_locale":"en_US","og_type":"article","og_title":"Job offers in fire safety DOI leader in SSI","og_description":"Discover the new job offers in the field of Fire Safety. DEF DOI is recruiting different profiles all over the world.","og_url":"https:\/\/www.definternationaloperations.com\/en\/career\/","og_site_name":"DEF Op\u00e9rations Internationales","article_modified_time":"2026-03-11T11:28:04+00:00","og_image":[{"width":1033,"height":672,"url":"https:\/\/www.definternationaloperations.com\/wp-content\/uploads\/2025\/01\/Ensemble-des-images-GB-1.png","type":"image\/png"}],"twitter_card":"summary_large_image","twitter_misc":{"Est. reading time":"2 minutes"},"schema":{"@context":"https:\/\/schema.org","@graph":[{"@type":"WebPage","@id":"https:\/\/www.definternationaloperations.com\/en\/career\/","url":"https:\/\/www.definternationaloperations.com\/en\/career\/","name":"Job offers in fire safety DOI leader in SSI","isPartOf":{"@id":"https:\/\/www.definternationaloperations.com\/#website"},"primaryImageOfPage":{"@id":"https:\/\/www.definternationaloperations.com\/en\/career\/#primaryimage"},"image":{"@id":"https:\/\/www.definternationaloperations.com\/en\/career\/#primaryimage"},"thumbnailUrl":"https:\/\/www.definternationaloperations.com\/wp-content\/uploads\/2025\/01\/Ensemble-des-images-GB-1.png","datePublished":"2021-06-01T12:21:01+00:00","dateModified":"2026-03-11T11:28:04+00:00","description":"Discover the new job offers in the field of Fire Safety. DEF DOI is recruiting different profiles all over the world.","inLanguage":"en-US","potentialAction":[{"@type":"ReadAction","target":["https:\/\/www.definternationaloperations.com\/en\/career\/"]}]},{"@type":"ImageObject","inLanguage":"en-US","@id":"https:\/\/www.definternationaloperations.com\/en\/career\/#primaryimage","url":"https:\/\/www.definternationaloperations.com\/wp-content\/uploads\/2025\/01\/Ensemble-des-images-GB-1.png","contentUrl":"https:\/\/www.definternationaloperations.com\/wp-content\/uploads\/2025\/01\/Ensemble-des-images-GB-1.png"},{"@type":"WebSite","@id":"https:\/\/www.definternationaloperations.com\/#website","url":"https:\/\/www.definternationaloperations.com\/","name":"DEF Op\u00e9rations Internationales","description":"Solutions et services de syst\u00e8mes de s\u00e9curit\u00e9 incendie.","potentialAction":[{"@type":"SearchAction","target":{"@type":"EntryPoint","urlTemplate":"https:\/\/www.definternationaloperations.com\/?s={search_term_string}"},"query-input":{"@type":"PropertyValueSpecification","valueRequired":true,"valueName":"search_term_string"}}],"inLanguage":"en-US"}]}},"_links":{"self":[{"href":"https:\/\/www.definternationaloperations.com\/en\/wp-json\/wp\/v2\/pages\/1356","targetHints":{"allow":["GET"]}}],"collection":[{"href":"https:\/\/www.definternationaloperations.com\/en\/wp-json\/wp\/v2\/pages"}],"about":[{"href":"https:\/\/www.definternationaloperations.com\/en\/wp-json\/wp\/v2\/types\/page"}],"author":[{"embeddable":true,"href":"https:\/\/www.definternationaloperations.com\/en\/wp-json\/wp\/v2\/users\/1"}],"replies":[{"embeddable":true,"href":"https:\/\/www.definternationaloperations.com\/en\/wp-json\/wp\/v2\/comments?post=1356"}],"version-history":[{"count":41,"href":"https:\/\/www.definternationaloperations.com\/en\/wp-json\/wp\/v2\/pages\/1356\/revisions"}],"predecessor-version":[{"id":3010,"href":"https:\/\/www.definternationaloperations.com\/en\/wp-json\/wp\/v2\/pages\/1356\/revisions\/3010"}],"wp:attachment":[{"href":"https:\/\/www.definternationaloperations.com\/en\/wp-json\/wp\/v2\/media?parent=1356"}],"curies":[{"name":"wp","href":"https:\/\/api.w.org\/{rel}","templated":true}]}}