{"id":1348,"date":"2021-05-18T18:16:56","date_gmt":"2021-05-18T16:16:56","guid":{"rendered":"https:\/\/v2.definternationaloperations.com\/contact-2\/"},"modified":"2025-01-14T15:02:46","modified_gmt":"2025-01-14T14:02:46","slug":"contact","status":"publish","type":"page","link":"https:\/\/www.definternationaloperations.com\/en\/contact\/","title":{"rendered":"Contact"},"content":{"rendered":"\n<style type=\"text\/css\" data-created_by=\"avia_inline_auto\" id=\"style-css-av-ln7o4-40c5f025b20156920f6cfc2398b42761\">\n.flex_column.av-ln7o4-40c5f025b20156920f6cfc2398b42761{\n-webkit-border-radius:0px 0px 0px 0px;\n-moz-border-radius:0px 0px 0px 0px;\nborder-radius:0px 0px 0px 0px;\npadding:0px 0px 0px 0px;\n}\n<\/style>\n<div class='flex_column av-ln7o4-40c5f025b20156920f6cfc2398b42761 av_two_third  avia-builder-el-0  el_before_av_one_third  avia-builder-el-first  first flex_column_div av-zero-column-padding '     ><p>\n<style type=\"text\/css\" data-created_by=\"avia_inline_auto\" id=\"style-css-av-kou8m4x8-abbf7583e3f580bc8818fe5ae18d6b70\">\n#top .av-special-heading.av-kou8m4x8-abbf7583e3f580bc8818fe5ae18d6b70{\npadding-bottom:10px;\ncolor:#0a0a0a;\n}\nbody .av-special-heading.av-kou8m4x8-abbf7583e3f580bc8818fe5ae18d6b70 .av-special-heading-tag .heading-char{\nfont-size:25px;\n}\n.av-special-heading.av-kou8m4x8-abbf7583e3f580bc8818fe5ae18d6b70 .special-heading-inner-border{\nborder-color:#0a0a0a;\n}\n.av-special-heading.av-kou8m4x8-abbf7583e3f580bc8818fe5ae18d6b70 .av-subheading{\nfont-size:15px;\n}\n<\/style>\n<div  class='av-special-heading av-kou8m4x8-abbf7583e3f580bc8818fe5ae18d6b70 av-special-heading-h2 custom-color-heading blockquote modern-quote  avia-builder-el-1  el_before_av_contact  avia-builder-el-first '><h2 class='av-special-heading-tag'  itemprop=\"headline\"  >Contact us<\/h2><div class=\"special-heading-border\"><div class=\"special-heading-inner-border\"><\/div><\/div><\/div><br \/>\n<form action=\"https:\/\/www.definternationaloperations.com\/en\/contact\/\" method=\"post\"  class=\"avia_ajax_form av-form-labels-visible   avia-builder-el-2  el_after_av_heading  avia-builder-el-last   \" data-avia-form-id=\"1\" data-avia-redirect='' ><fieldset><p class='  first_form  form_element form_element_half' id='element_avia_1_1'><label for=\"avia_1_1\">Last name <abbr class=\"required\" title=\"required\">*<\/abbr><\/label> <input name=\"avia_1_1\" class=\"text_input is_empty\" type=\"text\" id=\"avia_1_1\" value=\"\" \/><\/p><p class='  form_element form_element_half' id='element_avia_2_1'><label for=\"avia_2_1\">First name <abbr class=\"required\" title=\"required\">*<\/abbr><\/label> <input name=\"avia_2_1\" class=\"text_input is_empty\" type=\"text\" id=\"avia_2_1\" value=\"\" \/><\/p><p class='  first_form  form_element form_fullwidth' id='element_avia_3_1'><label for=\"avia_3_1\">Company<\/label> <input name=\"avia_3_1\" class=\"text_input \" type=\"text\" id=\"avia_3_1\" value=\"\" \/><\/p><p class='  first_form  form_element form_element_half' id='element_avia_4_1'><label for=\"avia_4_1\">E-Mail <abbr class=\"required\" title=\"required\">*<\/abbr><\/label> <input name=\"avia_4_1\" class=\"text_input is_email\" type=\"text\" id=\"avia_4_1\" value=\"\" \/><\/p><p class='  form_element form_element_half' id='element_avia_5_1'><label for=\"avia_5_1\">Phone number<\/label> <input name=\"avia_5_1\" class=\"text_input \" type=\"text\" id=\"avia_5_1\" value=\"\" \/><\/p><p class='  first_form  form_element form_element_third' id='element_avia_6_1'><label for=\"avia_6_1\">Zip code <abbr class=\"required\" title=\"required\">*<\/abbr><\/label> <input name=\"avia_6_1\" class=\"text_input is_empty\" type=\"text\" id=\"avia_6_1\" value=\"\" \/><\/p><p class='  form_element form_element_third' id='element_avia_7_1'><label for=\"avia_7_1\">City <abbr class=\"required\" title=\"required\">*<\/abbr><\/label> <input name=\"avia_7_1\" class=\"text_input is_empty\" type=\"text\" id=\"avia_7_1\" value=\"\" \/><\/p><p class='  form_element form_element_third' id='element_avia_8_1'><label for=\"avia_8_1\">Country <abbr class=\"required\" title=\"required\">*<\/abbr><\/label> <input name=\"avia_8_1\" class=\"text_input is_empty\" type=\"text\" id=\"avia_8_1\" value=\"\" \/><\/p><p class='  first_form  form_element form_fullwidth' id='element_avia_9_1'><label for=\"avia_9_1\" class=\"textare_label hidden textare_label_avia_9_1\">Message <abbr class=\"required\" title=\"required\">*<\/abbr><\/label><textarea  name=\"avia_9_1\" class=\"text_area is_empty\" cols=\"40\" rows=\"7\" id=\"avia_9_1\" ><\/textarea><\/p><p class=\"hidden\"><input type=\"text\" name=\"avia_10_1\" class=\"hidden \" id=\"avia_10_1\" value=\"\" \/><\/p><p class='   form_element form_fullwidth' id='element_avia_11_1'><span class='value_verifier_label'>4 + 2 = ?<\/span><input name=\"avia_11_1_verifier\" type=\"hidden\" id=\"avia_11_1_verifier\" value=\"162744681\"\/><label for=\"avia_11_1\">Please prove that you are human by solving the equation <abbr class=\"required\" title=\"required\">*<\/abbr><\/label><input name=\"avia_11_1\" class=\"text_input captcha\" type=\"text\" id=\"avia_11_1\" value=\"\"\/><\/p><p class=\"form_element \"><input type=\"hidden\" value=\"1\" name=\"avia_generated_form1\" \/><input type=\"submit\" value=\"Submit\" class=\"button\"  data-sending-label=\"Sending\"\/><\/p><\/fieldset><\/form><div id=\"ajaxresponse_1\" class=\"ajaxresponse ajaxresponse_1 hidden\"><\/div><\/p><\/div>\n<style type=\"text\/css\" data-created_by=\"avia_inline_auto\" id=\"style-css-av-9ant8-d4e8dc4f9cf6c38b74cdefad7b7cce94\">\n.flex_column.av-9ant8-d4e8dc4f9cf6c38b74cdefad7b7cce94{\n-webkit-border-radius:0px 0px 0px 0px;\n-moz-border-radius:0px 0px 0px 0px;\nborder-radius:0px 0px 0px 0px;\npadding:0px 0px 0px 0px;\n}\n<\/style>\n<div class='flex_column av-9ant8-d4e8dc4f9cf6c38b74cdefad7b7cce94 av_one_third  avia-builder-el-3  el_after_av_two_third  avia-builder-el-last  flex_column_div av-zero-column-padding '     ><p>\n<style type=\"text\/css\" data-created_by=\"avia_inline_auto\" id=\"style-css-av-kou8mczd-5bbc649af2b1c9301be81a5073feb16d\">\n#top .av-special-heading.av-kou8mczd-5bbc649af2b1c9301be81a5073feb16d{\npadding-bottom:10px;\ncolor:#0a0a0a;\n}\nbody .av-special-heading.av-kou8mczd-5bbc649af2b1c9301be81a5073feb16d .av-special-heading-tag .heading-char{\nfont-size:25px;\n}\n.av-special-heading.av-kou8mczd-5bbc649af2b1c9301be81a5073feb16d .special-heading-inner-border{\nborder-color:#0a0a0a;\n}\n.av-special-heading.av-kou8mczd-5bbc649af2b1c9301be81a5073feb16d .av-subheading{\nfont-size:15px;\n}\n<\/style>\n<div  class='av-special-heading av-kou8mczd-5bbc649af2b1c9301be81a5073feb16d av-special-heading-h2 custom-color-heading blockquote modern-quote  avia-builder-el-4  el_before_av_textblock  avia-builder-el-first '><h2 class='av-special-heading-tag'  itemprop=\"headline\"  >Find us<\/h2><div class=\"special-heading-border\"><div class=\"special-heading-inner-border\"><\/div><\/div><\/div><br \/>\n<section  class='av_textblock_section av-kou8n7ma-a88da51bb68b53c947a34eba50acc7cd'  itemscope=\"itemscope\" itemtype=\"https:\/\/schema.org\/CreativeWork\" ><div class='avia_textblock'  itemprop=\"text\" ><div><strong>DEF International Operations (DOI)<\/strong><\/div>\n<div>\n<div class=\"description\">9 rue du\u00a0Saule Trapu<br \/>\n(b\u00e2timent 39)<br \/>\n91300 Massy &#8211; France<\/div>\n<div class=\"description\">Phone : (+33)\u00a0 (0) 1 60 13 81 66<br \/>\nEmail : def.international@def-online.com<\/div>\n<div class=\"description\"><img loading=\"lazy\" decoding=\"async\" class=\"wp-image-1059 alignleft\" src=\"https:\/\/www.definternationaloperations.com\/wp-content\/uploads\/2021\/05\/def-doi-locaux-259x300.jpg\" alt=\"Entreprise DEF International\" width=\"298\" height=\"345\" srcset=\"https:\/\/www.definternationaloperations.com\/wp-content\/uploads\/2021\/05\/def-doi-locaux-259x300.jpg 259w, https:\/\/www.definternationaloperations.com\/wp-content\/uploads\/2021\/05\/def-doi-locaux-888x1030.jpg 888w, https:\/\/www.definternationaloperations.com\/wp-content\/uploads\/2021\/05\/def-doi-locaux-768x891.jpg 768w, https:\/\/www.definternationaloperations.com\/wp-content\/uploads\/2021\/05\/def-doi-locaux-1324x1536.jpg 1324w, https:\/\/www.definternationaloperations.com\/wp-content\/uploads\/2021\/05\/def-doi-locaux-1293x1500.jpg 1293w, https:\/\/www.definternationaloperations.com\/wp-content\/uploads\/2021\/05\/def-doi-locaux-608x705.jpg 608w, https:\/\/www.definternationaloperations.com\/wp-content\/uploads\/2021\/05\/def-doi-locaux.jpg 1702w\" sizes=\"auto, (max-width: 298px) 100vw, 298px\" \/><\/div>\n<\/div>\n<\/div><\/section><br \/>\n\n<style type=\"text\/css\" data-created_by=\"avia_inline_auto\" id=\"style-css-av-lrged9kb-647f428c662553746c219e1a04e42601\">\n#top .hr.hr-invisible.av-lrged9kb-647f428c662553746c219e1a04e42601{\nheight:10px;\n}\n<\/style>\n<div  class='hr av-lrged9kb-647f428c662553746c219e1a04e42601 hr-invisible  avia-builder-el-6  el_after_av_textblock  el_before_av_textblock '><span class='hr-inner '><span class=\"hr-inner-style\"><\/span><\/span><\/div><br \/>\n<section  class='av_textblock_section av-kou8o9q9-5904d5acd6b097efce5fff9d7391d365'  itemscope=\"itemscope\" itemtype=\"https:\/\/schema.org\/CreativeWork\" ><div class='avia_textblock'  itemprop=\"text\" ><p><iframe loading=\"lazy\" style=\"border: 0;\" src=\"https:\/\/www.google.com\/maps\/embed?pb=!1m18!1m12!1m3!1d2631.7798790882207!2d2.2988698156698093!3d48.728797579274975!2m3!1f0!2f0!3f0!3m2!1i1024!2i768!4f13.1!3m3!1m2!1s0x47e677af04594207%3A0xb37047e0ac8f3a50!2s9%20Rue%20du%20Saule%20Trapu%20b%C3%A2timent%2039%2C%2091300%20Massy!5e0!3m2!1sfr!2sfr!4v1621351898913!5m2!1sfr!2sfr\" width=\"300\" height=\"400\" allowfullscreen=\"allowfullscreen\"><\/iframe><\/p>\n<\/div><\/section><\/p><\/div><\/p>\n","protected":false},"excerpt":{"rendered":"","protected":false},"author":1,"featured_media":0,"parent":0,"menu_order":0,"comment_status":"closed","ping_status":"closed","template":"","meta":{"footnotes":""},"class_list":["post-1348","page","type-page","status-publish","hentry"],"yoast_head":"<!-- This site is optimized with the Yoast SEO plugin v25.4 - https:\/\/yoast.com\/wordpress\/plugins\/seo\/ -->\n<title>Contact - DEF Op\u00e9rations Internationales<\/title>\n<meta name=\"robots\" content=\"index, follow, max-snippet:-1, max-image-preview:large, max-video-preview:-1\" \/>\n<link rel=\"canonical\" href=\"https:\/\/www.definternationaloperations.com\/en\/contact\/\" \/>\n<meta property=\"og:locale\" content=\"en_US\" \/>\n<meta property=\"og:type\" content=\"article\" \/>\n<meta property=\"og:title\" content=\"Contact - DEF Op\u00e9rations Internationales\" \/>\n<meta property=\"og:url\" content=\"https:\/\/www.definternationaloperations.com\/en\/contact\/\" \/>\n<meta property=\"og:site_name\" content=\"DEF Op\u00e9rations Internationales\" \/>\n<meta property=\"article:modified_time\" content=\"2025-01-14T14:02:46+00:00\" \/>\n<meta property=\"og:image\" content=\"https:\/\/www.definternationaloperations.com\/wp-content\/uploads\/2021\/05\/def-doi-locaux-259x300.jpg\" \/>\n<meta name=\"twitter:card\" content=\"summary_large_image\" \/>\n<meta name=\"twitter:label1\" content=\"Est. reading time\" \/>\n\t<meta name=\"twitter:data1\" content=\"1 minute\" \/>\n<script type=\"application\/ld+json\" class=\"yoast-schema-graph\">{\"@context\":\"https:\/\/schema.org\",\"@graph\":[{\"@type\":\"WebPage\",\"@id\":\"https:\/\/www.definternationaloperations.com\/en\/contact\/\",\"url\":\"https:\/\/www.definternationaloperations.com\/en\/contact\/\",\"name\":\"Contact - DEF Op\u00e9rations Internationales\",\"isPartOf\":{\"@id\":\"https:\/\/www.definternationaloperations.com\/#website\"},\"primaryImageOfPage\":{\"@id\":\"https:\/\/www.definternationaloperations.com\/en\/contact\/#primaryimage\"},\"image\":{\"@id\":\"https:\/\/www.definternationaloperations.com\/en\/contact\/#primaryimage\"},\"thumbnailUrl\":\"https:\/\/www.definternationaloperations.com\/wp-content\/uploads\/2021\/05\/def-doi-locaux-259x300.jpg\",\"datePublished\":\"2021-05-18T16:16:56+00:00\",\"dateModified\":\"2025-01-14T14:02:46+00:00\",\"inLanguage\":\"en-US\",\"potentialAction\":[{\"@type\":\"ReadAction\",\"target\":[\"https:\/\/www.definternationaloperations.com\/en\/contact\/\"]}]},{\"@type\":\"ImageObject\",\"inLanguage\":\"en-US\",\"@id\":\"https:\/\/www.definternationaloperations.com\/en\/contact\/#primaryimage\",\"url\":\"https:\/\/www.definternationaloperations.com\/wp-content\/uploads\/2021\/05\/def-doi-locaux-259x300.jpg\",\"contentUrl\":\"https:\/\/www.definternationaloperations.com\/wp-content\/uploads\/2021\/05\/def-doi-locaux-259x300.jpg\"},{\"@type\":\"WebSite\",\"@id\":\"https:\/\/www.definternationaloperations.com\/#website\",\"url\":\"https:\/\/www.definternationaloperations.com\/\",\"name\":\"DEF Op\u00e9rations Internationales\",\"description\":\"Solutions et services de syst\u00e8mes de s\u00e9curit\u00e9 incendie.\",\"potentialAction\":[{\"@type\":\"SearchAction\",\"target\":{\"@type\":\"EntryPoint\",\"urlTemplate\":\"https:\/\/www.definternationaloperations.com\/?s={search_term_string}\"},\"query-input\":{\"@type\":\"PropertyValueSpecification\",\"valueRequired\":true,\"valueName\":\"search_term_string\"}}],\"inLanguage\":\"en-US\"}]}<\/script>\n<!-- \/ Yoast SEO plugin. -->","yoast_head_json":{"title":"Contact - DEF Op\u00e9rations Internationales","robots":{"index":"index","follow":"follow","max-snippet":"max-snippet:-1","max-image-preview":"max-image-preview:large","max-video-preview":"max-video-preview:-1"},"canonical":"https:\/\/www.definternationaloperations.com\/en\/contact\/","og_locale":"en_US","og_type":"article","og_title":"Contact - DEF Op\u00e9rations Internationales","og_url":"https:\/\/www.definternationaloperations.com\/en\/contact\/","og_site_name":"DEF Op\u00e9rations Internationales","article_modified_time":"2025-01-14T14:02:46+00:00","og_image":[{"url":"https:\/\/www.definternationaloperations.com\/wp-content\/uploads\/2021\/05\/def-doi-locaux-259x300.jpg","type":"","width":"","height":""}],"twitter_card":"summary_large_image","twitter_misc":{"Est. reading time":"1 minute"},"schema":{"@context":"https:\/\/schema.org","@graph":[{"@type":"WebPage","@id":"https:\/\/www.definternationaloperations.com\/en\/contact\/","url":"https:\/\/www.definternationaloperations.com\/en\/contact\/","name":"Contact - DEF Op\u00e9rations Internationales","isPartOf":{"@id":"https:\/\/www.definternationaloperations.com\/#website"},"primaryImageOfPage":{"@id":"https:\/\/www.definternationaloperations.com\/en\/contact\/#primaryimage"},"image":{"@id":"https:\/\/www.definternationaloperations.com\/en\/contact\/#primaryimage"},"thumbnailUrl":"https:\/\/www.definternationaloperations.com\/wp-content\/uploads\/2021\/05\/def-doi-locaux-259x300.jpg","datePublished":"2021-05-18T16:16:56+00:00","dateModified":"2025-01-14T14:02:46+00:00","inLanguage":"en-US","potentialAction":[{"@type":"ReadAction","target":["https:\/\/www.definternationaloperations.com\/en\/contact\/"]}]},{"@type":"ImageObject","inLanguage":"en-US","@id":"https:\/\/www.definternationaloperations.com\/en\/contact\/#primaryimage","url":"https:\/\/www.definternationaloperations.com\/wp-content\/uploads\/2021\/05\/def-doi-locaux-259x300.jpg","contentUrl":"https:\/\/www.definternationaloperations.com\/wp-content\/uploads\/2021\/05\/def-doi-locaux-259x300.jpg"},{"@type":"WebSite","@id":"https:\/\/www.definternationaloperations.com\/#website","url":"https:\/\/www.definternationaloperations.com\/","name":"DEF Op\u00e9rations Internationales","description":"Solutions et services de syst\u00e8mes de s\u00e9curit\u00e9 incendie.","potentialAction":[{"@type":"SearchAction","target":{"@type":"EntryPoint","urlTemplate":"https:\/\/www.definternationaloperations.com\/?s={search_term_string}"},"query-input":{"@type":"PropertyValueSpecification","valueRequired":true,"valueName":"search_term_string"}}],"inLanguage":"en-US"}]}},"_links":{"self":[{"href":"https:\/\/www.definternationaloperations.com\/en\/wp-json\/wp\/v2\/pages\/1348","targetHints":{"allow":["GET"]}}],"collection":[{"href":"https:\/\/www.definternationaloperations.com\/en\/wp-json\/wp\/v2\/pages"}],"about":[{"href":"https:\/\/www.definternationaloperations.com\/en\/wp-json\/wp\/v2\/types\/page"}],"author":[{"embeddable":true,"href":"https:\/\/www.definternationaloperations.com\/en\/wp-json\/wp\/v2\/users\/1"}],"replies":[{"embeddable":true,"href":"https:\/\/www.definternationaloperations.com\/en\/wp-json\/wp\/v2\/comments?post=1348"}],"version-history":[{"count":14,"href":"https:\/\/www.definternationaloperations.com\/en\/wp-json\/wp\/v2\/pages\/1348\/revisions"}],"predecessor-version":[{"id":2958,"href":"https:\/\/www.definternationaloperations.com\/en\/wp-json\/wp\/v2\/pages\/1348\/revisions\/2958"}],"wp:attachment":[{"href":"https:\/\/www.definternationaloperations.com\/en\/wp-json\/wp\/v2\/media?parent=1348"}],"curies":[{"name":"wp","href":"https:\/\/api.w.org\/{rel}","templated":true}]}}